{"id":81,"date":"2019-04-06T14:37:01","date_gmt":"2019-04-06T12:37:01","guid":{"rendered":"http:\/\/relaunch.schnerzinger.com\/impressum\/"},"modified":"2021-04-09T14:08:41","modified_gmt":"2021-04-09T12:08:41","slug":"impressum","status":"publish","type":"page","link":"https:\/\/dev.schnerzinger.com\/english\/impressum\/","title":{"rendered":"Imprint"},"content":{"rendered":"<div data-elementor-type=\"wp-post\" data-elementor-id=\"81\" class=\"elementor elementor-81\" data-elementor-settings=\"[]\">\n\t\t\t\t\t\t<div class=\"elementor-inner\">\n\t\t\t\t\t\t\t<div class=\"elementor-section-wrap\">\n\t\t\t\t\t\t\t<section class=\"ob-is-breaking-bad elementor-section elementor-top-section elementor-element elementor-element-60a97822 elementor-section-boxed elementor-section-height-default elementor-section-height-default\" data-id=\"60a97822\" data-element_type=\"section\" data-settings=\"{&quot;_ob_bbad_use_it&quot;:&quot;yes&quot;,&quot;_ob_bbad_sssic_use&quot;:&quot;no&quot;,&quot;_ob_glider_is_slider&quot;:&quot;no&quot;}\">\n\t\t\t\t\t\t<div class=\"elementor-container elementor-column-gap-default\">\n\t\t\t\t\t\t\t<div class=\"elementor-row\">\n\t\t\t\t\t<div class=\"elementor-column elementor-col-100 elementor-top-column elementor-element elementor-element-2baedbad\" data-id=\"2baedbad\" data-element_type=\"column\" data-settings=\"{&quot;_ob_bbad_is_stalker&quot;:&quot;no&quot;,&quot;_ob_teleporter_use&quot;:false,&quot;_ob_column_hoveranimator&quot;:&quot;no&quot;,&quot;_ob_column_has_pseudo&quot;:&quot;no&quot;}\">\n\t\t\t<div class=\"elementor-column-wrap elementor-element-populated\">\n\t\t\t\t\t\t\t<div class=\"elementor-widget-wrap\">\n\t\t\t\t\t\t<div class=\"elementor-element elementor-element-2d816ec2 ob-harakiri-inherit elementor-widget elementor-widget-text-editor\" data-id=\"2d816ec2\" data-element_type=\"widget\" data-settings=\"{&quot;_ob_harakiri_writing_mode&quot;:&quot;inherit&quot;,&quot;_ob_perspektive_use&quot;:&quot;no&quot;,&quot;_ob_shadough_use&quot;:&quot;no&quot;,&quot;_ob_allow_hoveranimator&quot;:&quot;no&quot;,&quot;_ob_widget_stalker_use&quot;:&quot;no&quot;}\" data-widget_type=\"text-editor.default\">\n\t\t\t\t<div class=\"elementor-widget-container\">\n\t\t\t\t\t<div class=\"elementor-text-editor elementor-clearfix\"><p><strong>Schnerzinger UG (limited) & Co. KG<\/strong><br \/><strong>Kl\u00fcsenerskamp 14<\/strong><br \/><strong>44225 Dortmund<br>\nGermany<\/strong><\/p><p>Registry Court: Amtsgericht Dortmund | HRA 17290 | VAT ID: DE276913602\u00a0<br \/>Pers. liable partner: SCHNERZINGER Verwaltungs UG (limited)<br \/>Registry Court: Amtsgericht Dortmund | HRB 23752<br \/>WEEE-Reg.-Nr. DE68142962<br \/>Managing Director: Sandra Austerschulte<\/p><p>Phone: +49 (231) 13 38 50 15<br \/>Mail: <a>Click here.<\/a><\/p><p>The contents of this website reflect only our own experiences. We make no claim to completeness, generality and accuracy. The English Version was translated from German; therefore the German content is decisive.<\/p><p>Inhaltlich Verantwortlicher gem\u00e4\u00df \u00a7 55 Rundfunkstaatsvertrag (RStV): Sandra Austerschulte<\/p><h4>References & Links<\/h4><p>Hereby we point out that a linked content is a foreign content and despite careful controls we cannot assume any liability for the contents of the linked pages!<\/p><h4>Copyright<\/h4><p>All pictures, texts and other information shown here are - unless otherwise indicated - subject to the copyright of SCHNERZINGER. Any distribution, duplication, reproduction or transfer, storage or transmission is expressly prohibited without the prior written approval of SCHNERZINGER.<\/p><\/div>\n\t\t\t\t<\/div>\n\t\t\t\t<\/div>\n\t\t\t\t\t\t<\/div>\n\t\t\t\t\t<\/div>\n\t\t<\/div>\n\t\t\t\t\t\t\t\t<\/div>\n\t\t\t\t\t<\/div>\n\t\t<\/section>\n\t\t\t\t\t\t<\/div>\n\t\t\t\t\t\t<\/div>\n\t\t\t\t\t<\/div>","protected":false},"excerpt":{"rendered":"<p>Schnerzinger UG (haftungsbeschr\u00e4nkt) &amp; Co. KGKl\u00fcsenerskamp 1444225 Dortmund Registergericht: Amtsgericht Dortmund | HRA 17290 | USt-IdNr.: DE276913602\u00a0Pers. haftende Gesellschafterin: SCHNERZINGER Verwaltungs UG (haftungsbeschr\u00e4nkt)Registergericht: Amtsgericht Dortmund | HRB 23752WEEE-Reg.-Nr. DE68142962Gesch\u00e4ftsf\u00fchrer\/in: Sandra Austerschulte Telefon: +49 (231) 13 38 50 15Mail: Hier klicken. Die Inhalte dieser Internetpr\u00e4senz spiegeln ausschlie\u00dflich unsere eigenen Erfahrungen wieder. Wir erheben keinen Anspruch auf [&hellip;]<\/p>","protected":false},"author":1,"featured_media":0,"parent":0,"menu_order":0,"comment_status":"closed","ping_status":"closed","template":"elementor_header_footer","meta":[],"yoast_head":"<!-- This site is optimized with the Yoast SEO plugin v16.1.1 - https:\/\/yoast.com\/wordpress\/plugins\/seo\/ -->\n<title>Impressum - SCHNERZINGER<\/title>\n<meta property=\"og:locale\" content=\"en_GB\" \/>\n<meta property=\"og:type\" content=\"article\" \/>\n<meta property=\"og:title\" content=\"Impressum - SCHNERZINGER\" \/>\n<meta property=\"og:description\" content=\"Schnerzinger UG (haftungsbeschr\u00e4nkt) &amp; Co. KGKl\u00fcsenerskamp 1444225 Dortmund Registergericht: Amtsgericht Dortmund | HRA 17290 | USt-IdNr.: DE276913602\u00a0Pers. haftende Gesellschafterin: SCHNERZINGER Verwaltungs UG (haftungsbeschr\u00e4nkt)Registergericht: Amtsgericht Dortmund | HRB 23752WEEE-Reg.-Nr. DE68142962Gesch\u00e4ftsf\u00fchrer\/in: Sandra Austerschulte Telefon: +49 (231) 13 38 50 15Mail: Hier klicken. Die Inhalte dieser Internetpr\u00e4senz spiegeln ausschlie\u00dflich unsere eigenen Erfahrungen wieder. Wir erheben keinen Anspruch auf [&hellip;]\" \/>\n<meta property=\"og:url\" content=\"https:\/\/dev.schnerzinger.com\/english\/impressum\/\" \/>\n<meta property=\"og:site_name\" content=\"SCHNERZINGER\" \/>\n<meta property=\"article:modified_time\" content=\"2021-04-09T12:08:41+00:00\" \/>\n<meta name=\"twitter:card\" content=\"summary_large_image\" \/>\n<meta name=\"twitter:label1\" content=\"Estimated reading time\">\n\t<meta name=\"twitter:data1\" content=\"1 minute\">\n<script type=\"application\/ld+json\" class=\"yoast-schema-graph\">{\"@context\":\"https:\/\/schema.org\",\"@graph\":[{\"@type\":\"WebSite\",\"@id\":\"https:\/\/dev.schnerzinger.com\/#website\",\"url\":\"https:\/\/dev.schnerzinger.com\/\",\"name\":\"SCHNERZINGER\",\"description\":\"Grenzenlos aufl\\u00f6send - Unfassbar musikalisch\",\"potentialAction\":[{\"@type\":\"SearchAction\",\"target\":\"https:\/\/dev.schnerzinger.com\/?s={search_term_string}\",\"query-input\":\"required name=search_term_string\"}],\"inLanguage\":\"en-GB\"},{\"@type\":\"WebPage\",\"@id\":\"https:\/\/dev.schnerzinger.com\/english\/impressum\/#webpage\",\"url\":\"https:\/\/dev.schnerzinger.com\/english\/impressum\/\",\"name\":\"Impressum - SCHNERZINGER\",\"isPartOf\":{\"@id\":\"https:\/\/dev.schnerzinger.com\/#website\"},\"datePublished\":\"2019-04-06T12:37:01+00:00\",\"dateModified\":\"2021-04-09T12:08:41+00:00\",\"breadcrumb\":{\"@id\":\"https:\/\/dev.schnerzinger.com\/english\/impressum\/#breadcrumb\"},\"inLanguage\":\"en-GB\",\"potentialAction\":[{\"@type\":\"ReadAction\",\"target\":[\"https:\/\/dev.schnerzinger.com\/english\/impressum\/\"]}]},{\"@type\":\"BreadcrumbList\",\"@id\":\"https:\/\/dev.schnerzinger.com\/english\/impressum\/#breadcrumb\",\"itemListElement\":[{\"@type\":\"ListItem\",\"position\":1,\"item\":{\"@type\":\"WebPage\",\"@id\":\"https:\/\/dev.schnerzinger.com\/\",\"url\":\"https:\/\/dev.schnerzinger.com\/\",\"name\":\"Startseite\"}},{\"@type\":\"ListItem\",\"position\":2,\"item\":{\"@type\":\"WebPage\",\"@id\":\"https:\/\/dev.schnerzinger.com\/english\/impressum\/\",\"url\":\"https:\/\/dev.schnerzinger.com\/english\/impressum\/\",\"name\":\"Impressum\"}}]}]}<\/script>\n<!-- \/ Yoast SEO plugin. -->","_links":{"self":[{"href":"https:\/\/dev.schnerzinger.com\/english\/wp-json\/wp\/v2\/pages\/81"}],"collection":[{"href":"https:\/\/dev.schnerzinger.com\/english\/wp-json\/wp\/v2\/pages"}],"about":[{"href":"https:\/\/dev.schnerzinger.com\/english\/wp-json\/wp\/v2\/types\/page"}],"author":[{"embeddable":true,"href":"https:\/\/dev.schnerzinger.com\/english\/wp-json\/wp\/v2\/users\/1"}],"replies":[{"embeddable":true,"href":"https:\/\/dev.schnerzinger.com\/english\/wp-json\/wp\/v2\/comments?post=81"}],"version-history":[{"count":9,"href":"https:\/\/dev.schnerzinger.com\/english\/wp-json\/wp\/v2\/pages\/81\/revisions"}],"predecessor-version":[{"id":6451,"href":"https:\/\/dev.schnerzinger.com\/english\/wp-json\/wp\/v2\/pages\/81\/revisions\/6451"}],"wp:attachment":[{"href":"https:\/\/dev.schnerzinger.com\/english\/wp-json\/wp\/v2\/media?parent=81"}],"curies":[{"name":"wp","href":"https:\/\/api.w.org\/{rel}","templated":true}]}}